{"id":114,"date":"2016-11-26T22:34:36","date_gmt":"2016-11-26T22:34:36","guid":{"rendered":"https:\/\/marucisphotography.wordpress.com\/?page_id=114"},"modified":"2026-02-14T18:42:27","modified_gmt":"2026-02-14T18:42:27","slug":"curs-de-fotografie","status":"publish","type":"page","link":"https:\/\/mcphotography.ro\/index.php\/curs-de-fotografie\/","title":{"rendered":"Curs de fotografie"},"content":{"rendered":"\n<p><\/p>\n\n\n\n<p>Vine vacan\u021ba \u0219i nu \u0219tii cum s\u0103 i\u021bi ocupi timpul liber?<\/p>\n\n\n\n<p class=\"has-text-align-left\">E\u0219ti pasionat de fotografie \u0219i vrei s\u0103 \u00ee\u021bi dezvol\u021bi abilit\u0103\u021bile? <\/p>\n\n\n\n<p class=\"has-text-align-left\">Al\u0103tur\u0103-te cursului nostru de var\u0103 dedicat tinerilor!<\/p>\n\n\n\n<p>\u00a0**Descoper\u0103 Arta Fotografic\u0103 \u00een aceast\u0103 Var\u0103!**\u00a0<br><br>Ce vei \u00eenv\u0103\u021ba:<br>\u2013 Bazele fotografiei \u0219i utilizarea echipamentului<br>\u2013 Tehnici de compozi\u021bie \u0219i iluminare<br>\u2013 Editare foto digital\u0103<br>\u2013 Smartphone photography <br><br>**Detalii curs:**<br>\u2013 Loc: online sau in Craiova<br><br>Pentru cine este acest curs:<br>\u2013 Tineri cu v\u00e2rsta \u00eentre 9 si 99 de ani<br>\u2013 \u00cencep\u0103tori \u0219i nivel mediu<br><br>De ce s\u0103 participi:<br>\u2013 Instructor cu experien\u021b\u0103 \u00een domeniul fotografiei<br>\u2013 Sesiuni practice \u0219i interactive<br>\u2013 Expozi\u021bie online cu lucr\u0103rile cursan\u021bilor<br><br>\u00censcriere \u0219i Costuri:<br>\u2013 Tax\u0103 de participare: 500 RON<br>\u2013 Reducere de 10% pentru \u00eenscrieri in doi<br>\u2013 Locuri limitate! \u00censcrie-te acum!<br><br>**Contact:**<br>\u2013 Telefon: 0774 609 624<br>\u2013 Email: fotocraiova@gmail.com<br><br>Nu rata ocazia de a-\u021bi dezvolta creativitatea \u0219i de a \u00eenv\u0103\u021ba de la profesioni\u0219ti! Te a\u0219tept\u0103m cu drag!<\/p>\n\n\n\n<p><\/p>\n","protected":false},"excerpt":{"rendered":"<p>Vine vacan\u021ba \u0219i nu \u0219tii cum s\u0103 i\u021bi ocupi timpul liber? E\u0219ti pasionat de fotografie \u0219i vrei s\u0103 \u00ee\u021bi dezvol\u021bi abilit\u0103\u021bile? Al\u0103tur\u0103-te cursului nostru de var\u0103 dedicat tinerilor! \u00a0**Descoper\u0103 Arta Fotografic\u0103 \u00een aceast\u0103 Var\u0103!**\u00a0 Ce vei \u00eenv\u0103\u021ba:\u2013 Bazele fotografiei \u0219i utilizarea echipamentului\u2013 Tehnici de compozi\u021bie \u0219i iluminare\u2013 Editare foto digital\u0103\u2013 Smartphone photography **Detalii curs:**\u2013 Loc: [&hellip;]<\/p>\n","protected":false},"author":1,"featured_media":1255,"parent":0,"menu_order":0,"comment_status":"closed","ping_status":"closed","template":"","meta":{"footnotes":""},"class_list":["post-114","page","type-page","status-publish","has-post-thumbnail","hentry"],"jetpack_sharing_enabled":true,"_links":{"self":[{"href":"https:\/\/mcphotography.ro\/index.php\/wp-json\/wp\/v2\/pages\/114","targetHints":{"allow":["GET"]}}],"collection":[{"href":"https:\/\/mcphotography.ro\/index.php\/wp-json\/wp\/v2\/pages"}],"about":[{"href":"https:\/\/mcphotography.ro\/index.php\/wp-json\/wp\/v2\/types\/page"}],"author":[{"embeddable":true,"href":"https:\/\/mcphotography.ro\/index.php\/wp-json\/wp\/v2\/users\/1"}],"replies":[{"embeddable":true,"href":"https:\/\/mcphotography.ro\/index.php\/wp-json\/wp\/v2\/comments?post=114"}],"version-history":[{"count":2,"href":"https:\/\/mcphotography.ro\/index.php\/wp-json\/wp\/v2\/pages\/114\/revisions"}],"predecessor-version":[{"id":1477,"href":"https:\/\/mcphotography.ro\/index.php\/wp-json\/wp\/v2\/pages\/114\/revisions\/1477"}],"wp:featuredmedia":[{"embeddable":true,"href":"https:\/\/mcphotography.ro\/index.php\/wp-json\/"}],"wp:attachment":[{"href":"https:\/\/mcphotography.ro\/index.php\/wp-json\/wp\/v2\/media?parent=114"}],"curies":[{"name":"wp","href":"https:\/\/api.w.org\/{rel}","templated":true}]}}